{"id":926,"date":"2021-02-03T15:15:15","date_gmt":"2021-02-03T14:15:15","guid":{"rendered":"http:\/\/lenaeinhorn.se\/english\/?page_id=926"},"modified":"2021-02-06T18:55:01","modified_gmt":"2021-02-06T17:55:01","slug":"vad-hande-pa-vagen-till-damaskus-what-happened-on-the-road-to-damaskus-the-jesus-mystery-2006","status":"publish","type":"page","link":"http:\/\/lenaeinhorn.se\/english\/books\/vad-hande-pa-vagen-till-damaskus-what-happened-on-the-road-to-damaskus-the-jesus-mystery-2006\/","title":{"rendered":"Vad h\u00e4nde p\u00e5 v\u00e4gen till Damaskus? (What happened on the road to Damaskus? The Jesus mystery; 2006)"},"content":{"rendered":"<section class=\"wpb-content-wrapper\"><p>[vc_row css_animation=&#8221;&#8221; row_type=&#8221;row&#8221; use_row_as_full_screen_section=&#8221;no&#8221; type=&#8221;grid&#8221; angled_section=&#8221;no&#8221; text_align=&#8221;left&#8221; background_image_as_pattern=&#8221;without_pattern&#8221; padding_top=&#8221;20&#8243; z_index=&#8221;&#8221; padding_bottom=&#8221;20&#8243;][vc_column width=&#8221;2\/3&#8243;][vc_column_text]<\/p>\n<h4>\u2013 P\u00e5 spaning efter den verklige Jesus fr\u00e5n Nasaret (What happened on the road to Damascus?; The Jesus mystery \u2013 astonishing clues to the true identities of Jesus and Paul; 2006)<\/h4>\n<p>One of them tall, beautiful, loving, wise and holy. The other one short, crippled, intense, choleric \u2013 and very human.<\/p>\n<p>It is probably the mental leap required to fuse these two images into one which has prevented anyone from proposing this hypothesis before..<\/p>\n<p>With page-turning suspense, Lena Einhorn details a new first century chronology that resolves many persistent mysteries about the historical Jesus and makes her conclusion impossible to ignore. Intrigued for most of her life by the mysteries surrounding the historical Jesus, Einhorn uses all her scientific skills to bring together New Testament writings as well as texts from contemporary Jewish and Roman historians, legends that survived within and outside Christianity during the first centuries after Jesus\u2019 death, and, not least, psychology. The story starts from the beginning, with the basic question of whether Jesus really ever existed. From there it takes us to Jesus\u2019 and childhood, ending with the crucifixion and the question of what happened afterwards.[\/vc_column_text][vc_empty_space]<div class=\"qode-accordion-holder clearfix qode-toggle qode-initial \">\n\t<h4 class=\"clearfix qode-title-holder\">\n<span class=\"qode-tab-title\">\n\t    <span class=\"qode-tab-title-inner\">\n        Press Voices    <\/span>\n<\/span>\n<span class=\"qode-accordion-mark\">\n    <span class=\"qode-accordion-mark-icon\">\n        <span class=\"icon_plus\"><\/span>\n        <span class=\"icon_minus-06\"><\/span>\n    <\/span>\n<\/span>\n<\/h4>\n<div  class=\"qode-accordion-content \" >\n    <div class=\"qode-accordion-content-inner\">\n        [vc_column_text]\u201cVad h\u00e4nde p\u00e5 v\u00e4gen till Damaskus is as thrilling as a crime novel. Clue after clue is revealed without your ever being able to work out the solution to the riddle.\u201d<br \/>\n<em>Ulrika K\u00e4rnborg, Dagens Nyheter<\/em><\/p>\n<p>\u201dNo book has delved so deeply into the Christian mythology, especially the story of Jesus, in a very long time. I read it with ever growing amazement and fascination. \/\u2026\/ It is the calmly reasoning, logical voice of a researcher that leads the reader from one point to the next, where it stops for a moment and asks questions before continuing its line of argument. \/\u2026\/ The best I can do is to warmly recommend this book.\u201d<br \/>\n<em>Thomas Nydahl, Kristianstadsbladet<\/em><\/p>\n<p>\u201d\u2019What is truth?\u2019 This question that, according to the gospel of John, Pontius Pilate posed to Jesus could very well be described as the basic theme in Lena Einhorn\u2019s fascinating book about the historical Jesus. \/\u2026\/ She adeptly demonstrates that it is possible to interpret the source material in such a way that a picture emerges that is rather different from the traditional one. \/\u2026\/ The entire account is imbued an unusually humble regard for truth.\u201d<br \/>\n<em>Magnus Zetterholm, Svenska Dagbladet<\/em><\/p>\n<p>\u201dFor believers in the bible, this book requires courage to read \u2026 Just as she herself points out, we are stuck in our own perceptions. To shake them in order to widen our perspective is perhaps this books greatest asset.\u201d<br \/>\n<em>Karin Bernsp\u00e5ng, V\u00e4sterbottens-Kuriren<\/em><\/p>\n<p>\u201dOnly those who enrich the discussion by contributing new material or new perspectives can count on getting attention. Lena Einhorn is undeniably one of those who has added a new perspective to the debate. \/\u2026\/ Certainly not all readers will be convinced by this book, but it is intelligently written. And therefore it deserves attention. \/\u2026\/ Even those who doubt the veracity of the premise can learn a lot from this text. Einhorn has written a book that engages by formulating questions that are seldom posed \u2013 and offer new answers to age-old questions.\u201d<br \/>\n<em>Jesper Svartvik, Sydsvenska Dagbladet<\/em><\/p>\n<p>\u201cEinhorn, who has produced documentaries and feature films (Loving Greta Garbo ), writes in a style that is definitely cinematic: no dry, dusty walk through history here. Rather, Einhorn presents information as though she were writing a mystery. Step-by-step, starting with the question of whether Jesus ever existed, she brings together all the known (and little-known) clues about the Jesus story and follows them to what she finds a logical conclusion \u2013 that Jesus and Paul were one and the same\u2026 this Swedish import does a remarkable job of pulling the evidence together and presenting it in a way that should garner a good chunk of the seemingly insatiable Da Vinci Code audience.\u201d<br \/>\n<em>Booklist (American Library Association)<\/em><\/p>\n<p>\u201cIntriguing, disturbing, and always compelling: intriguing because it is a theological thriller; disturbing because it shows how malleable the small amount of evidence we have is; and compelling because it contains new, strong arguments about Jesus, arguments that present it inevitably as a history to be taken seriously\u201d.<br \/>\n<em>Theodore Riccardi, Professor Emeritus, Department of Middle East and Asian Languages and Cultures, Columbia University<\/em><\/p>\n<p>\u201cI had not read many pages before I was hooked. Known and unknown facts, assumptions and hints are mixed with each other in a way that brings out new perspectives\u2026 But to extract the knowledge is one thing, to meld it into exciting reading is another. The result is magnificent.\u201d<br \/>\n<em>K.G. Hammar, Archbishop of Sweden 1997\u20132006 in Dagens Nyheter<\/em><\/p>\n<p>In \u201cThe Jesus Mystery: Astonishing Clues To The Identities Of Jesus And Paul\u201d, filmmaker Lena Einhorn writes with historical accuracy the true story of Jesus of Nazareth utilizing a combination of New Testament writings and texts from contemporary Jewish and Roman historians. Of special note is what Einhorn writes with respect to the legends about Jesus\u2019 birth and childhood, death and resurrection that survived both within and outside of Christianity during the first centuries after the Nazarene\u2019s crucifixion at the hands of the Roman occupation of Jerusalem and Palestine.<\/p>\n<p>\u201cThe Jesus Mystery\u201d addresses such controversial issues as whether or not there was a historical Jesus, the Paulinian influence and the role of Church politics in the opening decades of the Christian movement on the perceptions concerning Jesus. An engaging, informative, articulate, and sometimes iconoclastic work of admirable historical research and scholarship, \u201cThe Jesus Mystery\u201d is very strongly recommended reading for Christians and non-Christians alike.<br \/>\n<em>Midwest Book Review (Oregon, WI USA)<\/em>[\/vc_column_text]    <\/div>\n<\/div><\/div>[vc_empty_space][\/vc_column][vc_column width=&#8221;1\/3&#8243;][vc_row_inner row_type=&#8221;row&#8221; type=&#8221;full_width&#8221; text_align=&#8221;left&#8221; css_animation=&#8221;&#8221;][vc_column_inner width=&#8221;1\/2&#8243;][vc_single_image image=&#8221;1020&#8243; img_size=&#8221;full&#8221; qode_css_animation=&#8221;element_from_right&#8221;][vc_column_text]Sweden (Prisma)[\/vc_column_text][\/vc_column_inner][vc_column_inner width=&#8221;1\/2&#8243;][vc_single_image image=&#8221;1024&#8243; img_size=&#8221;full&#8221; qode_css_animation=&#8221;element_from_right&#8221;][vc_column_text]Germany<br \/>\n(Wilhelm Heyne)[\/vc_column_text][\/vc_column_inner][\/vc_row_inner][vc_empty_space][vc_row_inner row_type=&#8221;row&#8221; type=&#8221;full_width&#8221; text_align=&#8221;left&#8221; css_animation=&#8221;&#8221;][vc_column_inner width=&#8221;1\/2&#8243;][vc_single_image image=&#8221;1025&#8243; img_size=&#8221;full&#8221; qode_css_animation=&#8221;element_from_right&#8221;][vc_column_text]United States<br \/>\n(The Lions Press)[\/vc_column_text][\/vc_column_inner][vc_column_inner width=&#8221;1\/2&#8243;][vc_single_image image=&#8221;1026&#8243; img_size=&#8221;full&#8221; qode_css_animation=&#8221;element_from_right&#8221;][vc_column_text]Greece (Orfeas Publications)[\/vc_column_text][\/vc_column_inner][\/vc_row_inner][vc_empty_space][vc_row_inner row_type=&#8221;row&#8221; type=&#8221;full_width&#8221; text_align=&#8221;left&#8221; css_animation=&#8221;&#8221;][vc_column_inner width=&#8221;1\/2&#8243;][vc_single_image image=&#8221;1027&#8243; img_size=&#8221;full&#8221; qode_css_animation=&#8221;element_from_right&#8221;][vc_column_text]The Netherlands (De Geus)[\/vc_column_text][\/vc_column_inner][vc_column_inner width=&#8221;1\/2&#8243;][vc_single_image image=&#8221;1028&#8243; img_size=&#8221;full&#8221; qode_css_animation=&#8221;element_from_right&#8221;][vc_column_text]Hungary (Corvina)[\/vc_column_text][\/vc_column_inner][\/vc_row_inner][vc_empty_space][vc_row_inner row_type=&#8221;row&#8221; type=&#8221;full_width&#8221; text_align=&#8221;left&#8221; css_animation=&#8221;&#8221;][vc_column_inner width=&#8221;1\/2&#8243;][vc_single_image image=&#8221;1029&#8243; img_size=&#8221;full&#8221; qode_css_animation=&#8221;element_from_right&#8221;][vc_column_text]Poland (Santorski)[\/vc_column_text][\/vc_column_inner][vc_column_inner width=&#8221;1\/2&#8243;][vc_single_image image=&#8221;1030&#8243; img_size=&#8221;full&#8221; qode_css_animation=&#8221;element_from_right&#8221;][vc_column_text]Great Britain (Robert Hale)[\/vc_column_text][\/vc_column_inner][\/vc_row_inner][vc_empty_space][\/vc_column][\/vc_row]<\/p>\n<\/section>","protected":false},"excerpt":{"rendered":"<p>[vc_row css_animation=&#8221;&#8221; row_type=&#8221;row&#8221; use_row_as_full_screen_section=&#8221;no&#8221; type=&#8221;grid&#8221; angled_section=&#8221;no&#8221; text_align=&#8221;left&#8221; background_image_as_pattern=&#8221;without_pattern&#8221; padding_top=&#8221;20&#8243; z_index=&#8221;&#8221; padding_bottom=&#8221;20&#8243;][vc_column width=&#8221;2\/3&#8243;][vc_column_text] \u2013 P\u00e5 spaning efter den verklige Jesus fr\u00e5n Nasaret (What happened on the road to Damascus?; The Jesus mystery \u2013 astonishing clues to the true identities of Jesus and Paul; 2006) One of&#8230;<\/p>\n","protected":false},"author":1,"featured_media":0,"parent":635,"menu_order":0,"comment_status":"closed","ping_status":"closed","template":"","meta":{"om_disable_all_campaigns":false,"_mi_skip_tracking":false,"_monsterinsights_sitenote_active":false,"_monsterinsights_sitenote_note":"","_monsterinsights_sitenote_category":0,"footnotes":""},"class_list":["post-926","page","type-page","status-publish","hentry"],"aioseo_notices":[],"yoast_head":"<!-- This site is optimized with the Yoast SEO plugin v20.5 - https:\/\/yoast.com\/wordpress\/plugins\/seo\/ -->\n<title>Vad h\u00e4nde p\u00e5 v\u00e4gen till Damaskus? (What happened on the road to Damaskus? The Jesus mystery; 2006) - Lena Einhorn English<\/title>\n<meta name=\"robots\" content=\"index, follow, max-snippet:-1, max-image-preview:large, max-video-preview:-1\" \/>\n<link rel=\"canonical\" href=\"https:\/\/lenaeinhorn.se\/english\/books\/vad-hande-pa-vagen-till-damaskus-what-happened-on-the-road-to-damaskus-the-jesus-mystery-2006\/\" \/>\n<meta property=\"og:locale\" content=\"sv_SE\" \/>\n<meta property=\"og:type\" content=\"article\" \/>\n<meta property=\"og:title\" content=\"Vad h\u00e4nde p\u00e5 v\u00e4gen till Damaskus? (What happened on the road to Damaskus? The Jesus mystery; 2006) - Lena Einhorn English\" \/>\n<meta property=\"og:description\" content=\"[vc_row css_animation=&#8221;&#8221; row_type=&#8221;row&#8221; use_row_as_full_screen_section=&#8221;no&#8221; type=&#8221;grid&#8221; angled_section=&#8221;no&#8221; text_align=&#8221;left&#8221; background_image_as_pattern=&#8221;without_pattern&#8221; padding_top=&#8221;20&#8243; z_index=&#8221;&#8221; padding_bottom=&#8221;20&#8243;][vc_column width=&#8221;2\/3&#8243;][vc_column_text] \u2013 P\u00e5 spaning efter den verklige Jesus fr\u00e5n Nasaret (What happened on the road to Damascus?; The Jesus mystery \u2013 astonishing clues to the true identities of Jesus and Paul; 2006) One of...\" \/>\n<meta property=\"og:url\" content=\"https:\/\/lenaeinhorn.se\/english\/books\/vad-hande-pa-vagen-till-damaskus-what-happened-on-the-road-to-damaskus-the-jesus-mystery-2006\/\" \/>\n<meta property=\"og:site_name\" content=\"Lena Einhorn English\" \/>\n<meta property=\"article:modified_time\" content=\"2021-02-06T17:55:01+00:00\" \/>\n<meta property=\"og:image\" content=\"http:\/\/lenaeinhorn.se\/english\/wp-content\/uploads\/2021\/02\/lena-ett.jpg\" \/>\n\t<meta property=\"og:image:width\" content=\"700\" \/>\n\t<meta property=\"og:image:height\" content=\"892\" \/>\n\t<meta property=\"og:image:type\" content=\"image\/jpeg\" \/>\n<meta name=\"twitter:card\" content=\"summary_large_image\" \/>\n<meta name=\"twitter:label1\" content=\"Ber\u00e4knad l\u00e4stid\" \/>\n\t<meta name=\"twitter:data1\" content=\"7 minuter\" \/>\n<script type=\"application\/ld+json\" class=\"yoast-schema-graph\">{\"@context\":\"https:\/\/schema.org\",\"@graph\":[{\"@type\":\"WebPage\",\"@id\":\"https:\/\/lenaeinhorn.se\/english\/books\/vad-hande-pa-vagen-till-damaskus-what-happened-on-the-road-to-damaskus-the-jesus-mystery-2006\/\",\"url\":\"https:\/\/lenaeinhorn.se\/english\/books\/vad-hande-pa-vagen-till-damaskus-what-happened-on-the-road-to-damaskus-the-jesus-mystery-2006\/\",\"name\":\"Vad h\u00e4nde p\u00e5 v\u00e4gen till Damaskus? (What happened on the road to Damaskus? The Jesus mystery; 2006) - Lena Einhorn English\",\"isPartOf\":{\"@id\":\"https:\/\/lenaeinhorn.se\/english\/#website\"},\"datePublished\":\"2021-02-03T14:15:15+00:00\",\"dateModified\":\"2021-02-06T17:55:01+00:00\",\"breadcrumb\":{\"@id\":\"https:\/\/lenaeinhorn.se\/english\/books\/vad-hande-pa-vagen-till-damaskus-what-happened-on-the-road-to-damaskus-the-jesus-mystery-2006\/#breadcrumb\"},\"inLanguage\":\"sv-SE\",\"potentialAction\":[{\"@type\":\"ReadAction\",\"target\":[\"https:\/\/lenaeinhorn.se\/english\/books\/vad-hande-pa-vagen-till-damaskus-what-happened-on-the-road-to-damaskus-the-jesus-mystery-2006\/\"]}]},{\"@type\":\"BreadcrumbList\",\"@id\":\"https:\/\/lenaeinhorn.se\/english\/books\/vad-hande-pa-vagen-till-damaskus-what-happened-on-the-road-to-damaskus-the-jesus-mystery-2006\/#breadcrumb\",\"itemListElement\":[{\"@type\":\"ListItem\",\"position\":1,\"name\":\"Hem\",\"item\":\"https:\/\/lenaeinhorn.se\/english\/\"},{\"@type\":\"ListItem\",\"position\":2,\"name\":\"Books\",\"item\":\"https:\/\/lenaeinhorn.se\/english\/books\/\"},{\"@type\":\"ListItem\",\"position\":3,\"name\":\"Vad h\u00e4nde p\u00e5 v\u00e4gen till Damaskus? (What happened on the road to Damaskus? The Jesus mystery; 2006)\"}]},{\"@type\":\"WebSite\",\"@id\":\"https:\/\/lenaeinhorn.se\/english\/#website\",\"url\":\"https:\/\/lenaeinhorn.se\/english\/\",\"name\":\"Lena Einhorn English\",\"description\":\"writer, filmmaker and doctor\",\"potentialAction\":[{\"@type\":\"SearchAction\",\"target\":{\"@type\":\"EntryPoint\",\"urlTemplate\":\"https:\/\/lenaeinhorn.se\/english\/?s={search_term_string}\"},\"query-input\":\"required name=search_term_string\"}],\"inLanguage\":\"sv-SE\"}]}<\/script>\n<!-- \/ Yoast SEO plugin. -->","yoast_head_json":{"title":"Vad h\u00e4nde p\u00e5 v\u00e4gen till Damaskus? (What happened on the road to Damaskus? The Jesus mystery; 2006) - Lena Einhorn English","robots":{"index":"index","follow":"follow","max-snippet":"max-snippet:-1","max-image-preview":"max-image-preview:large","max-video-preview":"max-video-preview:-1"},"canonical":"https:\/\/lenaeinhorn.se\/english\/books\/vad-hande-pa-vagen-till-damaskus-what-happened-on-the-road-to-damaskus-the-jesus-mystery-2006\/","og_locale":"sv_SE","og_type":"article","og_title":"Vad h\u00e4nde p\u00e5 v\u00e4gen till Damaskus? (What happened on the road to Damaskus? The Jesus mystery; 2006) - Lena Einhorn English","og_description":"[vc_row css_animation=&#8221;&#8221; row_type=&#8221;row&#8221; use_row_as_full_screen_section=&#8221;no&#8221; type=&#8221;grid&#8221; angled_section=&#8221;no&#8221; text_align=&#8221;left&#8221; background_image_as_pattern=&#8221;without_pattern&#8221; padding_top=&#8221;20&#8243; z_index=&#8221;&#8221; padding_bottom=&#8221;20&#8243;][vc_column width=&#8221;2\/3&#8243;][vc_column_text] \u2013 P\u00e5 spaning efter den verklige Jesus fr\u00e5n Nasaret (What happened on the road to Damascus?; The Jesus mystery \u2013 astonishing clues to the true identities of Jesus and Paul; 2006) One of...","og_url":"https:\/\/lenaeinhorn.se\/english\/books\/vad-hande-pa-vagen-till-damaskus-what-happened-on-the-road-to-damaskus-the-jesus-mystery-2006\/","og_site_name":"Lena Einhorn English","article_modified_time":"2021-02-06T17:55:01+00:00","og_image":[{"width":700,"height":892,"url":"http:\/\/lenaeinhorn.se\/english\/wp-content\/uploads\/2021\/02\/lena-ett.jpg","type":"image\/jpeg"}],"twitter_card":"summary_large_image","twitter_misc":{"Ber\u00e4knad l\u00e4stid":"7 minuter"},"schema":{"@context":"https:\/\/schema.org","@graph":[{"@type":"WebPage","@id":"https:\/\/lenaeinhorn.se\/english\/books\/vad-hande-pa-vagen-till-damaskus-what-happened-on-the-road-to-damaskus-the-jesus-mystery-2006\/","url":"https:\/\/lenaeinhorn.se\/english\/books\/vad-hande-pa-vagen-till-damaskus-what-happened-on-the-road-to-damaskus-the-jesus-mystery-2006\/","name":"Vad h\u00e4nde p\u00e5 v\u00e4gen till Damaskus? (What happened on the road to Damaskus? The Jesus mystery; 2006) - Lena Einhorn English","isPartOf":{"@id":"https:\/\/lenaeinhorn.se\/english\/#website"},"datePublished":"2021-02-03T14:15:15+00:00","dateModified":"2021-02-06T17:55:01+00:00","breadcrumb":{"@id":"https:\/\/lenaeinhorn.se\/english\/books\/vad-hande-pa-vagen-till-damaskus-what-happened-on-the-road-to-damaskus-the-jesus-mystery-2006\/#breadcrumb"},"inLanguage":"sv-SE","potentialAction":[{"@type":"ReadAction","target":["https:\/\/lenaeinhorn.se\/english\/books\/vad-hande-pa-vagen-till-damaskus-what-happened-on-the-road-to-damaskus-the-jesus-mystery-2006\/"]}]},{"@type":"BreadcrumbList","@id":"https:\/\/lenaeinhorn.se\/english\/books\/vad-hande-pa-vagen-till-damaskus-what-happened-on-the-road-to-damaskus-the-jesus-mystery-2006\/#breadcrumb","itemListElement":[{"@type":"ListItem","position":1,"name":"Hem","item":"https:\/\/lenaeinhorn.se\/english\/"},{"@type":"ListItem","position":2,"name":"Books","item":"https:\/\/lenaeinhorn.se\/english\/books\/"},{"@type":"ListItem","position":3,"name":"Vad h\u00e4nde p\u00e5 v\u00e4gen till Damaskus? (What happened on the road to Damaskus? The Jesus mystery; 2006)"}]},{"@type":"WebSite","@id":"https:\/\/lenaeinhorn.se\/english\/#website","url":"https:\/\/lenaeinhorn.se\/english\/","name":"Lena Einhorn English","description":"writer, filmmaker and doctor","potentialAction":[{"@type":"SearchAction","target":{"@type":"EntryPoint","urlTemplate":"https:\/\/lenaeinhorn.se\/english\/?s={search_term_string}"},"query-input":"required name=search_term_string"}],"inLanguage":"sv-SE"}]}},"_links":{"self":[{"href":"http:\/\/lenaeinhorn.se\/english\/wp-json\/wp\/v2\/pages\/926","targetHints":{"allow":["GET"]}}],"collection":[{"href":"http:\/\/lenaeinhorn.se\/english\/wp-json\/wp\/v2\/pages"}],"about":[{"href":"http:\/\/lenaeinhorn.se\/english\/wp-json\/wp\/v2\/types\/page"}],"author":[{"embeddable":true,"href":"http:\/\/lenaeinhorn.se\/english\/wp-json\/wp\/v2\/users\/1"}],"replies":[{"embeddable":true,"href":"http:\/\/lenaeinhorn.se\/english\/wp-json\/wp\/v2\/comments?post=926"}],"version-history":[{"count":7,"href":"http:\/\/lenaeinhorn.se\/english\/wp-json\/wp\/v2\/pages\/926\/revisions"}],"predecessor-version":[{"id":1079,"href":"http:\/\/lenaeinhorn.se\/english\/wp-json\/wp\/v2\/pages\/926\/revisions\/1079"}],"up":[{"embeddable":true,"href":"http:\/\/lenaeinhorn.se\/english\/wp-json\/wp\/v2\/pages\/635"}],"wp:attachment":[{"href":"http:\/\/lenaeinhorn.se\/english\/wp-json\/wp\/v2\/media?parent=926"}],"curies":[{"name":"wp","href":"https:\/\/api.w.org\/{rel}","templated":true}]}}