{"id":761,"date":"2021-01-10T21:39:49","date_gmt":"2021-01-10T20:39:49","guid":{"rendered":"https:\/\/butch.se\/le\/?page_id=761"},"modified":"2023-02-26T21:27:43","modified_gmt":"2023-02-26T20:27:43","slug":"vad-hande-pa-vagen-till-jerusalem-what-happened-on-the-road-to-jerusalem-2020","status":"publish","type":"page","link":"http:\/\/lenaeinhorn.se\/english\/books\/vad-hande-pa-vagen-till-jerusalem-what-happened-on-the-road-to-jerusalem-2020\/","title":{"rendered":"Vad h\u00e4nde p\u00e5 v\u00e4gen till Jerusalem? (What happened on the Road to Jerusalem?; 2020)"},"content":{"rendered":"<section class=\"wpb-content-wrapper\"><p>[vc_row css_animation=&#8221;&#8221; row_type=&#8221;row&#8221; use_row_as_full_screen_section=&#8221;no&#8221; type=&#8221;grid&#8221; angled_section=&#8221;no&#8221; text_align=&#8221;left&#8221; background_image_as_pattern=&#8221;without_pattern&#8221; padding_top=&#8221;20&#8243; z_index=&#8221;&#8221; padding_bottom=&#8221;20&#8243;][vc_column width=&#8221;2\/3&#8243;][vc_column_text]\u201cIt is a special experience to travel through history.\u201d This is how Lena Einhorn begins her second journey into the biblical past.<\/p>\n<p>In two previous books, <em><a href=\"https:\/\/lenaeinhorn.se\/books\/what-happened-on-the-road-to-damascus\/\">What happened on the Road to Damascus?<\/a> (The Jesus Mystery) <\/em>(2006) and <a href=\"https:\/\/lenaeinhorn.se\/books\/a-shift-in-time-2016\/\"><em>A Shift in Time<\/em><\/a> (2016), she compared the New Testament tales with historical narratives from the same era. And she arrived at the conclusion that the New Testament is written in two layers, one seemingly ahistorical, one which closely follows the narratives from the historical sources. She drew the conclusion that the biblical authors and editors struggled with two partly incompatible agendas: to present an irreproachable religious canon, and at the same time to present true history. <em>What happened on the Road to Damascus? <\/em>was translated into a number of languages, and its conclusions are still the focus of much discussion.<\/p>\n<p>In her book, <em>What happened on the Road to Jerusalem?<\/em>, she goes further back in time, and focuses her curious and critical eyes on the Old Testament, and in particular on the Torah, the Five Books of Moses. The events portrayed in these books to a large extent take place in Egypt, one of the great civilizations of ancient times. We read about Egyptian kings, about devastating epidemics, about massive migrations. But why is there no corroborating evidence? Why is there not a single Egyptian inscription confirming that an Israelite, Joseph, ever ruled over Egypt? Or that Moses, or Aaron, or Joshua ever existed?<\/p>\n<p>Could the explanation be that the authors and editors of the Old Testament struggled with the same incompatible goals as the authors and editors of the New Testament? Will we also in this case find the historical traces only under the surface of the narrative?<\/p>\n<p>With great curiosity, and scientific precision, Lena Einhorn investigates the sources, and invites the reader on a colorful journey of the past.[\/vc_column_text][vc_empty_space][vc_empty_space][\/vc_column][vc_column width=&#8221;1\/3&#8243;][vc_single_image image=&#8221;733&#8243; img_size=&#8221;full&#8221; qode_css_animation=&#8221;element_from_right&#8221;][vc_empty_space][\/vc_column][\/vc_row][vc_row css_animation=&#8221;&#8221; row_type=&#8221;row&#8221; use_row_as_full_screen_section=&#8221;no&#8221; type=&#8221;full_width&#8221; angled_section=&#8221;no&#8221; text_align=&#8221;left&#8221; background_image_as_pattern=&#8221;without_pattern&#8221;][vc_column]<div class=\"qode-accordion-holder clearfix qode-toggle qode-initial \">\n\t<h4 class=\"clearfix qode-title-holder\">\n<span class=\"qode-tab-title\">\n\t    <span class=\"qode-tab-title-inner\">\n        PRESS VOICES    <\/span>\n<\/span>\n<span class=\"qode-accordion-mark\">\n    <span class=\"qode-accordion-mark-icon\">\n        <span class=\"icon_plus\"><\/span>\n        <span class=\"icon_minus-06\"><\/span>\n    <\/span>\n<\/span>\n<\/h4>\n<div  class=\"qode-accordion-content \" >\n    <div class=\"qode-accordion-content-inner\">\n        [vc_column_text]Lena Einhorn has an impressive ability to present historical research so that you turn the pages as if it it were a thriller.<\/p>\n<p>Christer Hugo, <em>BTJ<\/em><\/p>\n<p>&nbsp;<\/p>\n<p>&nbsp;<\/p>\n<p>Her journey contains many thrilling and thought-provoking discoveries \u2026 <em>What Happened on the Road to Jerusalem? <\/em>Is an impressive and very learned \u00a0contribution to research.<\/p>\n<p>Bo Larsson, <em>Kyrkans tidning<\/em><\/p>\n<p><em>\u00a0<\/em><\/p>\n<p><em>\u00a0<\/em><\/p>\n<p>She twists and turns every stone and shard she finds. Puzzle pieces are examined, compared, put together and taken apart again. Hypotheses are tested and rejected&#8230; My admiration is based on the fact that Lena Einhorn stays with the questions. Her business is not to assert what cannot be asserted. Nor does she want to disqualify every statement whose truth cannot be proven. She is not an apologist for any view of history, outlook on life or religion. Rather, it seems, she is driven by a love of the story itself&#8230; I am tempted to call Lena Einhorn a very highly qualified dreamer.<\/p>\n<p>Maria K\u00fcchen, <em>Sydsvenskan<\/em><\/p>\n<p><em>\u00a0<\/em><\/p>\n<p><em>\u00a0<\/em><\/p>\n<p>Committed, sincere and fun to read. There is really nothing amiss when it comes to the joy of storytelling and the eagerness to discover. Einhorn vividly tells about both ancient Israel, and with great knowledge about the scholars who searched for traces of it.<\/p>\n<p>Joel Halldorf, <em>Expressen<\/em>[\/vc_column_text]    <\/div>\n<\/div><\/div>[\/vc_column][\/vc_row]<\/p>\n<\/section>","protected":false},"excerpt":{"rendered":"<p>[vc_row css_animation=&#8221;&#8221; row_type=&#8221;row&#8221; use_row_as_full_screen_section=&#8221;no&#8221; type=&#8221;grid&#8221; angled_section=&#8221;no&#8221; text_align=&#8221;left&#8221; background_image_as_pattern=&#8221;without_pattern&#8221; padding_top=&#8221;20&#8243; z_index=&#8221;&#8221; padding_bottom=&#8221;20&#8243;][vc_column width=&#8221;2\/3&#8243;][vc_column_text]\u201cIt is a special experience to travel through history.\u201d This is how Lena Einhorn begins her second journey into the biblical past. In two previous books, What happened on the Road to Damascus? (The&#8230;<\/p>\n","protected":false},"author":1,"featured_media":0,"parent":635,"menu_order":0,"comment_status":"closed","ping_status":"closed","template":"","meta":{"om_disable_all_campaigns":false,"_mi_skip_tracking":false,"_monsterinsights_sitenote_active":false,"_monsterinsights_sitenote_note":"","_monsterinsights_sitenote_category":0,"footnotes":""},"class_list":["post-761","page","type-page","status-publish","hentry"],"aioseo_notices":[],"yoast_head":"<!-- This site is optimized with the Yoast SEO plugin v20.5 - https:\/\/yoast.com\/wordpress\/plugins\/seo\/ -->\n<title>Vad h\u00e4nde p\u00e5 v\u00e4gen till Jerusalem? (What happened on the Road to Jerusalem?; 2020) - Lena Einhorn English<\/title>\n<meta name=\"robots\" content=\"index, follow, max-snippet:-1, max-image-preview:large, max-video-preview:-1\" \/>\n<link rel=\"canonical\" href=\"http:\/\/lenaeinhorn.se\/english\/books\/vad-hande-pa-vagen-till-jerusalem-what-happened-on-the-road-to-jerusalem-2020\/\" \/>\n<meta property=\"og:locale\" content=\"sv_SE\" \/>\n<meta property=\"og:type\" content=\"article\" \/>\n<meta property=\"og:title\" content=\"Vad h\u00e4nde p\u00e5 v\u00e4gen till Jerusalem? (What happened on the Road to Jerusalem?; 2020) - Lena Einhorn English\" \/>\n<meta property=\"og:description\" content=\"[vc_row css_animation=&#8221;&#8221; row_type=&#8221;row&#8221; use_row_as_full_screen_section=&#8221;no&#8221; type=&#8221;grid&#8221; angled_section=&#8221;no&#8221; text_align=&#8221;left&#8221; background_image_as_pattern=&#8221;without_pattern&#8221; padding_top=&#8221;20&#8243; z_index=&#8221;&#8221; padding_bottom=&#8221;20&#8243;][vc_column width=&#8221;2\/3&#8243;][vc_column_text]\u201cIt is a special experience to travel through history.\u201d This is how Lena Einhorn begins her second journey into the biblical past. In two previous books, What happened on the Road to Damascus? (The...\" \/>\n<meta property=\"og:url\" content=\"http:\/\/lenaeinhorn.se\/english\/books\/vad-hande-pa-vagen-till-jerusalem-what-happened-on-the-road-to-jerusalem-2020\/\" \/>\n<meta property=\"og:site_name\" content=\"Lena Einhorn English\" \/>\n<meta property=\"article:modified_time\" content=\"2023-02-26T20:27:43+00:00\" \/>\n<meta property=\"og:image\" content=\"http:\/\/lenaeinhorn.se\/english\/wp-content\/uploads\/2021\/02\/lena-ett.jpg\" \/>\n\t<meta property=\"og:image:width\" content=\"700\" \/>\n\t<meta property=\"og:image:height\" content=\"892\" \/>\n\t<meta property=\"og:image:type\" content=\"image\/jpeg\" \/>\n<meta name=\"twitter:card\" content=\"summary_large_image\" \/>\n<meta name=\"twitter:label1\" content=\"Ber\u00e4knad l\u00e4stid\" \/>\n\t<meta name=\"twitter:data1\" content=\"3 minuter\" \/>\n<script type=\"application\/ld+json\" class=\"yoast-schema-graph\">{\"@context\":\"https:\/\/schema.org\",\"@graph\":[{\"@type\":\"WebPage\",\"@id\":\"http:\/\/lenaeinhorn.se\/english\/books\/vad-hande-pa-vagen-till-jerusalem-what-happened-on-the-road-to-jerusalem-2020\/\",\"url\":\"http:\/\/lenaeinhorn.se\/english\/books\/vad-hande-pa-vagen-till-jerusalem-what-happened-on-the-road-to-jerusalem-2020\/\",\"name\":\"Vad h\u00e4nde p\u00e5 v\u00e4gen till Jerusalem? (What happened on the Road to Jerusalem?; 2020) - Lena Einhorn English\",\"isPartOf\":{\"@id\":\"https:\/\/lenaeinhorn.se\/english\/#website\"},\"datePublished\":\"2021-01-10T20:39:49+00:00\",\"dateModified\":\"2023-02-26T20:27:43+00:00\",\"breadcrumb\":{\"@id\":\"http:\/\/lenaeinhorn.se\/english\/books\/vad-hande-pa-vagen-till-jerusalem-what-happened-on-the-road-to-jerusalem-2020\/#breadcrumb\"},\"inLanguage\":\"sv-SE\",\"potentialAction\":[{\"@type\":\"ReadAction\",\"target\":[\"http:\/\/lenaeinhorn.se\/english\/books\/vad-hande-pa-vagen-till-jerusalem-what-happened-on-the-road-to-jerusalem-2020\/\"]}]},{\"@type\":\"BreadcrumbList\",\"@id\":\"http:\/\/lenaeinhorn.se\/english\/books\/vad-hande-pa-vagen-till-jerusalem-what-happened-on-the-road-to-jerusalem-2020\/#breadcrumb\",\"itemListElement\":[{\"@type\":\"ListItem\",\"position\":1,\"name\":\"Hem\",\"item\":\"https:\/\/lenaeinhorn.se\/english\/\"},{\"@type\":\"ListItem\",\"position\":2,\"name\":\"Books\",\"item\":\"https:\/\/lenaeinhorn.se\/english\/books\/\"},{\"@type\":\"ListItem\",\"position\":3,\"name\":\"Vad h\u00e4nde p\u00e5 v\u00e4gen till Jerusalem? (What happened on the Road to Jerusalem?; 2020)\"}]},{\"@type\":\"WebSite\",\"@id\":\"https:\/\/lenaeinhorn.se\/english\/#website\",\"url\":\"https:\/\/lenaeinhorn.se\/english\/\",\"name\":\"Lena Einhorn English\",\"description\":\"writer, filmmaker and doctor\",\"potentialAction\":[{\"@type\":\"SearchAction\",\"target\":{\"@type\":\"EntryPoint\",\"urlTemplate\":\"https:\/\/lenaeinhorn.se\/english\/?s={search_term_string}\"},\"query-input\":\"required name=search_term_string\"}],\"inLanguage\":\"sv-SE\"}]}<\/script>\n<!-- \/ Yoast SEO plugin. -->","yoast_head_json":{"title":"Vad h\u00e4nde p\u00e5 v\u00e4gen till Jerusalem? (What happened on the Road to Jerusalem?; 2020) - Lena Einhorn English","robots":{"index":"index","follow":"follow","max-snippet":"max-snippet:-1","max-image-preview":"max-image-preview:large","max-video-preview":"max-video-preview:-1"},"canonical":"http:\/\/lenaeinhorn.se\/english\/books\/vad-hande-pa-vagen-till-jerusalem-what-happened-on-the-road-to-jerusalem-2020\/","og_locale":"sv_SE","og_type":"article","og_title":"Vad h\u00e4nde p\u00e5 v\u00e4gen till Jerusalem? (What happened on the Road to Jerusalem?; 2020) - Lena Einhorn English","og_description":"[vc_row css_animation=&#8221;&#8221; row_type=&#8221;row&#8221; use_row_as_full_screen_section=&#8221;no&#8221; type=&#8221;grid&#8221; angled_section=&#8221;no&#8221; text_align=&#8221;left&#8221; background_image_as_pattern=&#8221;without_pattern&#8221; padding_top=&#8221;20&#8243; z_index=&#8221;&#8221; padding_bottom=&#8221;20&#8243;][vc_column width=&#8221;2\/3&#8243;][vc_column_text]\u201cIt is a special experience to travel through history.\u201d This is how Lena Einhorn begins her second journey into the biblical past. In two previous books, What happened on the Road to Damascus? (The...","og_url":"http:\/\/lenaeinhorn.se\/english\/books\/vad-hande-pa-vagen-till-jerusalem-what-happened-on-the-road-to-jerusalem-2020\/","og_site_name":"Lena Einhorn English","article_modified_time":"2023-02-26T20:27:43+00:00","og_image":[{"width":700,"height":892,"url":"http:\/\/lenaeinhorn.se\/english\/wp-content\/uploads\/2021\/02\/lena-ett.jpg","type":"image\/jpeg"}],"twitter_card":"summary_large_image","twitter_misc":{"Ber\u00e4knad l\u00e4stid":"3 minuter"},"schema":{"@context":"https:\/\/schema.org","@graph":[{"@type":"WebPage","@id":"http:\/\/lenaeinhorn.se\/english\/books\/vad-hande-pa-vagen-till-jerusalem-what-happened-on-the-road-to-jerusalem-2020\/","url":"http:\/\/lenaeinhorn.se\/english\/books\/vad-hande-pa-vagen-till-jerusalem-what-happened-on-the-road-to-jerusalem-2020\/","name":"Vad h\u00e4nde p\u00e5 v\u00e4gen till Jerusalem? (What happened on the Road to Jerusalem?; 2020) - Lena Einhorn English","isPartOf":{"@id":"https:\/\/lenaeinhorn.se\/english\/#website"},"datePublished":"2021-01-10T20:39:49+00:00","dateModified":"2023-02-26T20:27:43+00:00","breadcrumb":{"@id":"http:\/\/lenaeinhorn.se\/english\/books\/vad-hande-pa-vagen-till-jerusalem-what-happened-on-the-road-to-jerusalem-2020\/#breadcrumb"},"inLanguage":"sv-SE","potentialAction":[{"@type":"ReadAction","target":["http:\/\/lenaeinhorn.se\/english\/books\/vad-hande-pa-vagen-till-jerusalem-what-happened-on-the-road-to-jerusalem-2020\/"]}]},{"@type":"BreadcrumbList","@id":"http:\/\/lenaeinhorn.se\/english\/books\/vad-hande-pa-vagen-till-jerusalem-what-happened-on-the-road-to-jerusalem-2020\/#breadcrumb","itemListElement":[{"@type":"ListItem","position":1,"name":"Hem","item":"https:\/\/lenaeinhorn.se\/english\/"},{"@type":"ListItem","position":2,"name":"Books","item":"https:\/\/lenaeinhorn.se\/english\/books\/"},{"@type":"ListItem","position":3,"name":"Vad h\u00e4nde p\u00e5 v\u00e4gen till Jerusalem? (What happened on the Road to Jerusalem?; 2020)"}]},{"@type":"WebSite","@id":"https:\/\/lenaeinhorn.se\/english\/#website","url":"https:\/\/lenaeinhorn.se\/english\/","name":"Lena Einhorn English","description":"writer, filmmaker and doctor","potentialAction":[{"@type":"SearchAction","target":{"@type":"EntryPoint","urlTemplate":"https:\/\/lenaeinhorn.se\/english\/?s={search_term_string}"},"query-input":"required name=search_term_string"}],"inLanguage":"sv-SE"}]}},"_links":{"self":[{"href":"http:\/\/lenaeinhorn.se\/english\/wp-json\/wp\/v2\/pages\/761","targetHints":{"allow":["GET"]}}],"collection":[{"href":"http:\/\/lenaeinhorn.se\/english\/wp-json\/wp\/v2\/pages"}],"about":[{"href":"http:\/\/lenaeinhorn.se\/english\/wp-json\/wp\/v2\/types\/page"}],"author":[{"embeddable":true,"href":"http:\/\/lenaeinhorn.se\/english\/wp-json\/wp\/v2\/users\/1"}],"replies":[{"embeddable":true,"href":"http:\/\/lenaeinhorn.se\/english\/wp-json\/wp\/v2\/comments?post=761"}],"version-history":[{"count":5,"href":"http:\/\/lenaeinhorn.se\/english\/wp-json\/wp\/v2\/pages\/761\/revisions"}],"predecessor-version":[{"id":2935,"href":"http:\/\/lenaeinhorn.se\/english\/wp-json\/wp\/v2\/pages\/761\/revisions\/2935"}],"up":[{"embeddable":true,"href":"http:\/\/lenaeinhorn.se\/english\/wp-json\/wp\/v2\/pages\/635"}],"wp:attachment":[{"href":"http:\/\/lenaeinhorn.se\/english\/wp-json\/wp\/v2\/media?parent=761"}],"curies":[{"name":"wp","href":"https:\/\/api.w.org\/{rel}","templated":true}]}}