{"id":745,"date":"2021-01-10T21:01:49","date_gmt":"2021-01-10T20:01:49","guid":{"rendered":"https:\/\/butch.se\/le\/?page_id=745"},"modified":"2023-08-10T21:59:08","modified_gmt":"2023-08-10T19:59:08","slug":"biblical-studies","status":"publish","type":"page","link":"http:\/\/lenaeinhorn.se\/english\/research\/biblical-studies\/","title":{"rendered":"Biblical studies"},"content":{"rendered":"<section class=\"wpb-content-wrapper\"><p>[vc_row css_animation=&#8221;&#8221; row_type=&#8221;row&#8221; use_row_as_full_screen_section=&#8221;no&#8221; type=&#8221;grid&#8221; angled_section=&#8221;no&#8221; text_align=&#8221;left&#8221; background_image_as_pattern=&#8221;without_pattern&#8221; padding_top=&#8221;20&#8243; padding_bottom=&#8221;20&#8243; z_index=&#8221;&#8221;][vc_column width=&#8221;2\/3&#8243;][vc_column_text]<\/p>\n<div>\n<p><strong>Einhorn, L:<\/strong>\u00a0<i>Vad h\u00e4nde p\u00e5 v\u00e4gen till Jerusalem? (What happened on the Road to Jerusalem?; 2020);<br \/>\n<a href=\"https:\/\/www.lenaeinhorn.se\/bocker\/vad-hande-pa-vagen-till-jerusalem-en-gata-i-historiens-utmarker-norstedts-2020\/\">L\u00e4s mer<\/a><\/i><\/p>\n<p><strong>Einhorn L<\/strong>: <em>A Shift in Time: How Historical Documents Reveal the Surprising Truth about\u00a0<\/em><em>Jesus. <\/em>Yucca Publishing, USA, 2016.<br \/>\n<a title=\"A shift in time (2016)\" href=\"http:\/\/lenaeinhorn.se\/english\/books\/a-shift-in-time-2016\/\">Read more<\/a><\/p>\n<\/div>\n<p><strong>Einhorn, L:\u00a0<\/strong><em>Vad h\u00e4nde p\u00e5 v\u00e4gen till Damaskus? (What happened on the road to Damaskus? The Jesus mystery; 2006);<\/em><br \/>\n<a href=\"http:\/\/lenaeinhorn.se\/english\/books\/vad-hande-pa-vagen-till-damaskus-what-happened-on-the-road-to-damaskus-the-jesus-mystery-2006\/\">Read more<\/a><\/p>\n<h5>Also published under the following titles:<\/h5>\n<p style=\"padding-left: 40px;\"><strong>Einhorn, L:<\/strong>\u00a0<em>The Jesus mystery: astonishing clues to the true identities of Jesus and Paul.\u00a0<\/em>Guilford, Connecticut: Lyons Press, 2007; London: Robert Hale, Ltd., 2007 (transl. Rodney Bradbury)<\/p>\n<p style=\"padding-left: 40px;\"><strong>Einhorn, L:<\/strong>\u00a0<em>Das R\u00e4tsel von Damaskus : waren Jesus und Paulus ein und dieselbe Person?<\/em>\u00a0M\u00fcnchen: Heyne, 2007. (transl. Lotta R\u00fcegger och Holger Wolandt)<\/p>\n<p style=\"padding-left: 40px;\"><strong>Einhorn, L:<\/strong>\u00a0<em>\u03a4\u03b9 \u03c3\u03c5\u03bd\u03ad\u03b2\u03b7 \u03c3\u03c4\u03bf \u03b4\u03c1\u03cc\u03bc\u03bf \u03b3\u03b9\u03b1 \u03c4\u03b7 \u0394\u03b1\u03bc\u03b1\u03c3\u03ba\u03cc; (Ti synebi sto dromo gia ti Damasko;).<\/em> Aten: Orfeas, 2007 (transl. Grigoris Kondylis)<\/p>\n<p style=\"padding-left: 40px;\"><strong>Einhorn, L.:<\/strong>\u00a0<em>Het raadsel van Damascus : op zoek naar de echte Jezus van Nazaret.\u00a0<\/em>Breda, Holland: De Geus, 2008 (transl. Corry van Bree)<\/p>\n<p style=\"padding-left: 40px;\"><strong>Einhorn, L.:<\/strong>\u00a0<em>Mi t\u00f6rt\u00e9nt a Damaszkuszi \u00faton? : nyomoz\u00e1s a val\u00f3s\u00e1gos n\u00e1z\u00e1reti J\u00e9zus ut\u00e1n.<\/em>\u00a0Budapest: Corvina, 2009 (transl. L\u00e1szl\u00f3 K\u00fanos)<\/p>\n<p style=\"padding-left: 40px;\"><strong>Einhorn, L.:<\/strong>\u00a0<em>Co si\u0119 wydarzy\u0142o w drodze do Damaszku?\u00a0<\/em>Warszawa: Czarna Owca (Santorski &amp; Co.), 2010. (transl. Ryszard Gra\u017cy\u0144ski)<\/p>\n<h3>Published abstracts<\/h3>\n<p><strong>Einhorn, L:<\/strong>\u00a0\u201cA Shift in Time: Parallels between events depicted in the New Testament and later events depicted in the writings of Josephus.\u201d\u00a0Presented at the Society of Biblical Literature (SBL) International Meeting, Tartu, Estonia, 2010.<\/p>\n<p><strong>Einhorn, L:<\/strong>\u00a0\u201cA Shift From the 50\u2019s to the 30\u2019s? A Comparison of New Testament Accounts with Accounts of Later Events in the Writings of Josephus.\u201d\u00a0Presented at the Society of Biblical Literature (SBL) International Meeting, London, 2011.<\/p>\n<p><strong>Einhorn, L:<\/strong>\u00a0\u201cJosephus and Messianic Leaders in the First Century.\u201d<em>\u00a0<\/em>Presented at the Society of Biblical Literature (SBL) International Meeting, London, 2011.<\/p>\n<p><strong>Einhorn, L.:\u00a0\u201c<\/strong>Josephus and the New Testament: A Different Look at the Sources.\u201d Presented at the Society of Biblical Literature (SBL) International Meeting, Amsterdam, 2012.<\/p>\n<p><strong>Einhorn, L.:<\/strong>\u00a0\u201cJesus and the \u2018Egyptian Prophet\u2019\u201d. Presented at the Society of Biblical Literature (SBL) Annual Meeting, Chicago, 2012,\u00a0<strong><br \/>\n<a href=\"https:\/\/lenaeinhorn.se\/21\/wp-content\/uploads\/2021\/02\/Jesus-and-the-egyptian-prophet-published-abstract.pdf\" target=\"_blank\" rel=\"noopener\">Abstract<\/a>,<\/strong>\u00a0<strong><a href=\"http:\/\/lenaeinhorn.se\/english\/wp-content\/uploads\/2012\/11\/Jesus-and-the-Egyptian-Prophet-12.11.25.pdf\" target=\"_blank\" rel=\"noopener\">Full article (PDF)<\/a><\/strong>, <strong><a href=\"https:\/\/lenaeinhorn.se\/jesus-and-the-egyptian-prophet\/\">Full article (web version)<\/a><\/strong>[\/vc_column_text][vc_empty_space][\/vc_column][vc_column width=&#8221;1\/3&#8243;][vc_video link=&#8221;https:\/\/youtu.be\/U_JiSKIkFkI&#8221; title=&#8221;The Gospels Caught Shifted In Time | Trying To Find Jesus Christ with Lena Einhorn&#8221;][\/vc_column][\/vc_row]<\/p>\n<\/section>","protected":false},"excerpt":{"rendered":"<p>[vc_row css_animation=&#8221;&#8221; row_type=&#8221;row&#8221; use_row_as_full_screen_section=&#8221;no&#8221; type=&#8221;grid&#8221; angled_section=&#8221;no&#8221; text_align=&#8221;left&#8221; background_image_as_pattern=&#8221;without_pattern&#8221; padding_top=&#8221;20&#8243; padding_bottom=&#8221;20&#8243; z_index=&#8221;&#8221;][vc_column width=&#8221;2\/3&#8243;][vc_column_text] Einhorn, L:\u00a0Vad h\u00e4nde p\u00e5 v\u00e4gen till Jerusalem? (What happened on the Road to Jerusalem?; 2020); L\u00e4s mer Einhorn L: A Shift in Time: How Historical Documents Reveal the Surprising Truth about\u00a0Jesus. Yucca Publishing,&#8230;<\/p>\n","protected":false},"author":1,"featured_media":0,"parent":639,"menu_order":0,"comment_status":"closed","ping_status":"closed","template":"full_width.php","meta":{"om_disable_all_campaigns":false,"_mi_skip_tracking":false,"_monsterinsights_sitenote_active":false,"_monsterinsights_sitenote_note":"","_monsterinsights_sitenote_category":0,"footnotes":""},"class_list":["post-745","page","type-page","status-publish","hentry"],"aioseo_notices":[],"yoast_head":"<!-- This site is optimized with the Yoast SEO plugin v20.5 - https:\/\/yoast.com\/wordpress\/plugins\/seo\/ -->\n<title>Biblical studies - Lena Einhorn English<\/title>\n<meta name=\"robots\" content=\"index, follow, max-snippet:-1, max-image-preview:large, max-video-preview:-1\" \/>\n<link rel=\"canonical\" href=\"http:\/\/lenaeinhorn.se\/english\/research\/biblical-studies\/\" \/>\n<meta property=\"og:locale\" content=\"sv_SE\" \/>\n<meta property=\"og:type\" content=\"article\" \/>\n<meta property=\"og:title\" content=\"Biblical studies - Lena Einhorn English\" \/>\n<meta property=\"og:description\" content=\"[vc_row css_animation=&#8221;&#8221; row_type=&#8221;row&#8221; use_row_as_full_screen_section=&#8221;no&#8221; type=&#8221;grid&#8221; angled_section=&#8221;no&#8221; text_align=&#8221;left&#8221; background_image_as_pattern=&#8221;without_pattern&#8221; padding_top=&#8221;20&#8243; padding_bottom=&#8221;20&#8243; z_index=&#8221;&#8221;][vc_column width=&#8221;2\/3&#8243;][vc_column_text] Einhorn, L:\u00a0Vad h\u00e4nde p\u00e5 v\u00e4gen till Jerusalem? (What happened on the Road to Jerusalem?; 2020); L\u00e4s mer Einhorn L: A Shift in Time: How Historical Documents Reveal the Surprising Truth about\u00a0Jesus. Yucca Publishing,...\" \/>\n<meta property=\"og:url\" content=\"http:\/\/lenaeinhorn.se\/english\/research\/biblical-studies\/\" \/>\n<meta property=\"og:site_name\" content=\"Lena Einhorn English\" \/>\n<meta property=\"article:modified_time\" content=\"2023-08-10T19:59:08+00:00\" \/>\n<meta property=\"og:image\" content=\"http:\/\/lenaeinhorn.se\/english\/wp-content\/uploads\/2021\/02\/lena-ett.jpg\" \/>\n\t<meta property=\"og:image:width\" content=\"700\" \/>\n\t<meta property=\"og:image:height\" content=\"892\" \/>\n\t<meta property=\"og:image:type\" content=\"image\/jpeg\" \/>\n<meta name=\"twitter:card\" content=\"summary_large_image\" \/>\n<meta name=\"twitter:label1\" content=\"Ber\u00e4knad l\u00e4stid\" \/>\n\t<meta name=\"twitter:data1\" content=\"2 minuter\" \/>\n<script type=\"application\/ld+json\" class=\"yoast-schema-graph\">{\"@context\":\"https:\/\/schema.org\",\"@graph\":[{\"@type\":\"WebPage\",\"@id\":\"http:\/\/lenaeinhorn.se\/english\/research\/biblical-studies\/\",\"url\":\"http:\/\/lenaeinhorn.se\/english\/research\/biblical-studies\/\",\"name\":\"Biblical studies - Lena Einhorn English\",\"isPartOf\":{\"@id\":\"https:\/\/lenaeinhorn.se\/english\/#website\"},\"datePublished\":\"2021-01-10T20:01:49+00:00\",\"dateModified\":\"2023-08-10T19:59:08+00:00\",\"breadcrumb\":{\"@id\":\"http:\/\/lenaeinhorn.se\/english\/research\/biblical-studies\/#breadcrumb\"},\"inLanguage\":\"sv-SE\",\"potentialAction\":[{\"@type\":\"ReadAction\",\"target\":[\"http:\/\/lenaeinhorn.se\/english\/research\/biblical-studies\/\"]}]},{\"@type\":\"BreadcrumbList\",\"@id\":\"http:\/\/lenaeinhorn.se\/english\/research\/biblical-studies\/#breadcrumb\",\"itemListElement\":[{\"@type\":\"ListItem\",\"position\":1,\"name\":\"Hem\",\"item\":\"https:\/\/lenaeinhorn.se\/english\/\"},{\"@type\":\"ListItem\",\"position\":2,\"name\":\"Research\",\"item\":\"http:\/\/lenaeinhorn.se\/english\/research\/\"},{\"@type\":\"ListItem\",\"position\":3,\"name\":\"Biblical studies\"}]},{\"@type\":\"WebSite\",\"@id\":\"https:\/\/lenaeinhorn.se\/english\/#website\",\"url\":\"https:\/\/lenaeinhorn.se\/english\/\",\"name\":\"Lena Einhorn English\",\"description\":\"writer, filmmaker and doctor\",\"potentialAction\":[{\"@type\":\"SearchAction\",\"target\":{\"@type\":\"EntryPoint\",\"urlTemplate\":\"https:\/\/lenaeinhorn.se\/english\/?s={search_term_string}\"},\"query-input\":\"required name=search_term_string\"}],\"inLanguage\":\"sv-SE\"}]}<\/script>\n<!-- \/ Yoast SEO plugin. -->","yoast_head_json":{"title":"Biblical studies - Lena Einhorn English","robots":{"index":"index","follow":"follow","max-snippet":"max-snippet:-1","max-image-preview":"max-image-preview:large","max-video-preview":"max-video-preview:-1"},"canonical":"http:\/\/lenaeinhorn.se\/english\/research\/biblical-studies\/","og_locale":"sv_SE","og_type":"article","og_title":"Biblical studies - Lena Einhorn English","og_description":"[vc_row css_animation=&#8221;&#8221; row_type=&#8221;row&#8221; use_row_as_full_screen_section=&#8221;no&#8221; type=&#8221;grid&#8221; angled_section=&#8221;no&#8221; text_align=&#8221;left&#8221; background_image_as_pattern=&#8221;without_pattern&#8221; padding_top=&#8221;20&#8243; padding_bottom=&#8221;20&#8243; z_index=&#8221;&#8221;][vc_column width=&#8221;2\/3&#8243;][vc_column_text] Einhorn, L:\u00a0Vad h\u00e4nde p\u00e5 v\u00e4gen till Jerusalem? (What happened on the Road to Jerusalem?; 2020); L\u00e4s mer Einhorn L: A Shift in Time: How Historical Documents Reveal the Surprising Truth about\u00a0Jesus. Yucca Publishing,...","og_url":"http:\/\/lenaeinhorn.se\/english\/research\/biblical-studies\/","og_site_name":"Lena Einhorn English","article_modified_time":"2023-08-10T19:59:08+00:00","og_image":[{"width":700,"height":892,"url":"http:\/\/lenaeinhorn.se\/english\/wp-content\/uploads\/2021\/02\/lena-ett.jpg","type":"image\/jpeg"}],"twitter_card":"summary_large_image","twitter_misc":{"Ber\u00e4knad l\u00e4stid":"2 minuter"},"schema":{"@context":"https:\/\/schema.org","@graph":[{"@type":"WebPage","@id":"http:\/\/lenaeinhorn.se\/english\/research\/biblical-studies\/","url":"http:\/\/lenaeinhorn.se\/english\/research\/biblical-studies\/","name":"Biblical studies - Lena Einhorn English","isPartOf":{"@id":"https:\/\/lenaeinhorn.se\/english\/#website"},"datePublished":"2021-01-10T20:01:49+00:00","dateModified":"2023-08-10T19:59:08+00:00","breadcrumb":{"@id":"http:\/\/lenaeinhorn.se\/english\/research\/biblical-studies\/#breadcrumb"},"inLanguage":"sv-SE","potentialAction":[{"@type":"ReadAction","target":["http:\/\/lenaeinhorn.se\/english\/research\/biblical-studies\/"]}]},{"@type":"BreadcrumbList","@id":"http:\/\/lenaeinhorn.se\/english\/research\/biblical-studies\/#breadcrumb","itemListElement":[{"@type":"ListItem","position":1,"name":"Hem","item":"https:\/\/lenaeinhorn.se\/english\/"},{"@type":"ListItem","position":2,"name":"Research","item":"http:\/\/lenaeinhorn.se\/english\/research\/"},{"@type":"ListItem","position":3,"name":"Biblical studies"}]},{"@type":"WebSite","@id":"https:\/\/lenaeinhorn.se\/english\/#website","url":"https:\/\/lenaeinhorn.se\/english\/","name":"Lena Einhorn English","description":"writer, filmmaker and doctor","potentialAction":[{"@type":"SearchAction","target":{"@type":"EntryPoint","urlTemplate":"https:\/\/lenaeinhorn.se\/english\/?s={search_term_string}"},"query-input":"required name=search_term_string"}],"inLanguage":"sv-SE"}]}},"_links":{"self":[{"href":"http:\/\/lenaeinhorn.se\/english\/wp-json\/wp\/v2\/pages\/745","targetHints":{"allow":["GET"]}}],"collection":[{"href":"http:\/\/lenaeinhorn.se\/english\/wp-json\/wp\/v2\/pages"}],"about":[{"href":"http:\/\/lenaeinhorn.se\/english\/wp-json\/wp\/v2\/types\/page"}],"author":[{"embeddable":true,"href":"http:\/\/lenaeinhorn.se\/english\/wp-json\/wp\/v2\/users\/1"}],"replies":[{"embeddable":true,"href":"http:\/\/lenaeinhorn.se\/english\/wp-json\/wp\/v2\/comments?post=745"}],"version-history":[{"count":12,"href":"http:\/\/lenaeinhorn.se\/english\/wp-json\/wp\/v2\/pages\/745\/revisions"}],"predecessor-version":[{"id":2953,"href":"http:\/\/lenaeinhorn.se\/english\/wp-json\/wp\/v2\/pages\/745\/revisions\/2953"}],"up":[{"embeddable":true,"href":"http:\/\/lenaeinhorn.se\/english\/wp-json\/wp\/v2\/pages\/639"}],"wp:attachment":[{"href":"http:\/\/lenaeinhorn.se\/english\/wp-json\/wp\/v2\/media?parent=745"}],"curies":[{"name":"wp","href":"https:\/\/api.w.org\/{rel}","templated":true}]}}